{"id":175,"date":"2021-07-04T14:39:17","date_gmt":"2021-07-04T14:39:17","guid":{"rendered":"https:\/\/test.manina-transport.de\/?page_id=175"},"modified":"2024-05-16T08:21:53","modified_gmt":"2024-05-16T08:21:53","slug":"team","status":"publish","type":"page","link":"https:\/\/manina-transport.de\/?page_id=175","title":{"rendered":"Team"},"content":{"rendered":"\t\t<div data-elementor-type=\"wp-page\" data-elementor-id=\"175\" class=\"elementor elementor-175\" data-elementor-post-type=\"page\">\n\t\t\t\t\t\t<section class=\"elementor-section elementor-top-section elementor-element elementor-element-a18d8c5 elementor-section-boxed elementor-section-height-default elementor-section-height-default\" data-id=\"a18d8c5\" data-element_type=\"section\" data-e-type=\"section\">\n\t\t\t\t\t\t<div class=\"elementor-container elementor-column-gap-default\">\n\t\t\t\t\t<div class=\"elementor-column elementor-col-100 elementor-top-column elementor-element elementor-element-967c7f2\" data-id=\"967c7f2\" data-element_type=\"column\" data-e-type=\"column\">\n\t\t\t<div class=\"elementor-widget-wrap elementor-element-populated\">\n\t\t\t\t\t\t<div class=\"elementor-element elementor-element-21f898e elementor-position-top elementor-widget elementor-widget-image-box\" data-id=\"21f898e\" data-element_type=\"widget\" data-e-type=\"widget\" data-widget_type=\"image-box.default\">\n\t\t\t\t<div class=\"elementor-widget-container\">\n\t\t\t\t\t<div class=\"elementor-image-box-wrapper\"><figure class=\"elementor-image-box-img\"><a href=\"mailto:%20a.boehmer@manina-transport.de\" tabindex=\"-1\"><img fetchpriority=\"high\" decoding=\"async\" width=\"229\" height=\"300\" src=\"https:\/\/manina-transport.de\/wp-content\/uploads\/2022\/02\/IMG_0414__2_-removebg-preview-229x300.png\" class=\"attachment-medium size-medium wp-image-362\" alt=\"\" srcset=\"https:\/\/manina-transport.de\/wp-content\/uploads\/2022\/02\/IMG_0414__2_-removebg-preview-229x300.png 229w, https:\/\/manina-transport.de\/wp-content\/uploads\/2022\/02\/IMG_0414__2_-removebg-preview.png 436w\" sizes=\"(max-width: 229px) 100vw, 229px\" \/><\/a><\/figure><div class=\"elementor-image-box-content\"><h3 class=\"elementor-image-box-title\"><a href=\"mailto:%20a.boehmer@manina-transport.de\">Andreas B\u00f6hmer -Gesch\u00e4ftsf\u00fchrer\/Fuhrpark-<\/a><\/h3><p class=\"elementor-image-box-description\">a.boehmer@manina-transport.de<\/p><\/div><\/div>\t\t\t\t<\/div>\n\t\t\t\t<\/div>\n\t\t\t\t\t<\/div>\n\t\t<\/div>\n\t\t\t\t\t<\/div>\n\t\t<\/section>\n\t\t\t\t<section class=\"elementor-section elementor-top-section elementor-element elementor-element-3599773 elementor-section-boxed elementor-section-height-default elementor-section-height-default\" data-id=\"3599773\" data-element_type=\"section\" data-e-type=\"section\">\n\t\t\t\t\t\t<div class=\"elementor-container elementor-column-gap-default\">\n\t\t\t\t\t<div class=\"elementor-column elementor-col-100 elementor-top-column elementor-element elementor-element-a787dac\" data-id=\"a787dac\" data-element_type=\"column\" data-e-type=\"column\">\n\t\t\t<div class=\"elementor-widget-wrap elementor-element-populated\">\n\t\t\t\t\t\t<div class=\"elementor-element elementor-element-260cb9a elementor-position-top elementor-widget elementor-widget-image-box\" data-id=\"260cb9a\" data-element_type=\"widget\" data-e-type=\"widget\" data-widget_type=\"image-box.default\">\n\t\t\t\t<div class=\"elementor-widget-container\">\n\t\t\t\t\t<div class=\"elementor-image-box-wrapper\"><figure class=\"elementor-image-box-img\"><a href=\"mailto:%20i.saewert@manina-transport.de\" target=\"_blank\" tabindex=\"-1\"><img decoding=\"async\" width=\"166\" height=\"300\" src=\"https:\/\/manina-transport.de\/wp-content\/uploads\/2022\/02\/IMG_0392__2_-removebg-preview-1-166x300.png\" class=\"attachment-medium size-medium wp-image-361\" alt=\"\" srcset=\"https:\/\/manina-transport.de\/wp-content\/uploads\/2022\/02\/IMG_0392__2_-removebg-preview-1-166x300.png 166w, https:\/\/manina-transport.de\/wp-content\/uploads\/2022\/02\/IMG_0392__2_-removebg-preview-1.png 371w\" sizes=\"(max-width: 166px) 100vw, 166px\" \/><\/a><\/figure><div class=\"elementor-image-box-content\"><h3 class=\"elementor-image-box-title\"><a href=\"mailto:%20i.saewert@manina-transport.de\" target=\"_blank\">Ina S\u00e4wert -Gesch\u00e4ftsf\u00fchrerin\/Personal-                                               <\/a><\/h3><p class=\"elementor-image-box-description\">i.saewert@manina-transport.de<\/p><\/div><\/div>\t\t\t\t<\/div>\n\t\t\t\t<\/div>\n\t\t\t\t\t<\/div>\n\t\t<\/div>\n\t\t\t\t\t<\/div>\n\t\t<\/section>\n\t\t\t\t<section class=\"elementor-section elementor-top-section elementor-element elementor-element-ec048eb elementor-section-boxed elementor-section-height-default elementor-section-height-default\" data-id=\"ec048eb\" data-element_type=\"section\" data-e-type=\"section\">\n\t\t\t\t\t\t<div class=\"elementor-container elementor-column-gap-default\">\n\t\t\t\t\t<div class=\"elementor-column elementor-col-100 elementor-top-column elementor-element elementor-element-466e1e1\" data-id=\"466e1e1\" data-element_type=\"column\" data-e-type=\"column\">\n\t\t\t<div class=\"elementor-widget-wrap elementor-element-populated\">\n\t\t\t\t\t\t<div class=\"elementor-element elementor-element-276cf96 elementor-position-top elementor-widget elementor-widget-image-box\" data-id=\"276cf96\" data-element_type=\"widget\" data-e-type=\"widget\" data-widget_type=\"image-box.default\">\n\t\t\t\t<div class=\"elementor-widget-container\">\n\t\t\t\t\t<div class=\"elementor-image-box-wrapper\"><figure class=\"elementor-image-box-img\"><a href=\"mailto:%20g.lemke@manina-transport.de\" tabindex=\"-1\"><img decoding=\"async\" width=\"231\" height=\"300\" src=\"https:\/\/manina-transport.de\/wp-content\/uploads\/2022\/02\/IMG_0042__2_-removebg-preview-231x300.png\" class=\"attachment-medium size-medium wp-image-356\" alt=\"\" srcset=\"https:\/\/manina-transport.de\/wp-content\/uploads\/2022\/02\/IMG_0042__2_-removebg-preview-231x300.png 231w, https:\/\/manina-transport.de\/wp-content\/uploads\/2022\/02\/IMG_0042__2_-removebg-preview.png 438w\" sizes=\"(max-width: 231px) 100vw, 231px\" \/><\/a><\/figure><div class=\"elementor-image-box-content\"><h3 class=\"elementor-image-box-title\"><a href=\"mailto:%20g.lemke@manina-transport.de\">Gabi Lemke -Disposition\/Auftragsabwicklung- 03493-6058007<\/a><\/h3><p class=\"elementor-image-box-description\">g.lemke@manina-transport.de<\/p><\/div><\/div>\t\t\t\t<\/div>\n\t\t\t\t<\/div>\n\t\t\t\t\t<\/div>\n\t\t<\/div>\n\t\t\t\t\t<\/div>\n\t\t<\/section>\n\t\t\t\t<section class=\"elementor-section elementor-top-section elementor-element elementor-element-fefcdea elementor-section-boxed elementor-section-height-default elementor-section-height-default\" data-id=\"fefcdea\" data-element_type=\"section\" data-e-type=\"section\">\n\t\t\t\t\t\t<div class=\"elementor-container elementor-column-gap-default\">\n\t\t\t\t\t<div class=\"elementor-column elementor-col-100 elementor-top-column elementor-element elementor-element-92a720b\" data-id=\"92a720b\" data-element_type=\"column\" data-e-type=\"column\">\n\t\t\t<div class=\"elementor-widget-wrap elementor-element-populated\">\n\t\t\t\t\t\t<div class=\"elementor-element elementor-element-7a7a9e3 elementor-position-top elementor-widget elementor-widget-image-box\" data-id=\"7a7a9e3\" data-element_type=\"widget\" data-e-type=\"widget\" data-widget_type=\"image-box.default\">\n\t\t\t\t<div class=\"elementor-widget-container\">\n\t\t\t\t\t<div class=\"elementor-image-box-wrapper\"><figure class=\"elementor-image-box-img\"><a href=\"mailto:%20i.kilz@manina-transport.de\" tabindex=\"-1\"><img loading=\"lazy\" decoding=\"async\" width=\"197\" height=\"300\" src=\"https:\/\/manina-transport.de\/wp-content\/uploads\/2022\/02\/IMG_0159__2_-removebg-preview-2-197x300.png\" class=\"attachment-medium size-medium wp-image-360\" alt=\"\" srcset=\"https:\/\/manina-transport.de\/wp-content\/uploads\/2022\/02\/IMG_0159__2_-removebg-preview-2-197x300.png 197w, https:\/\/manina-transport.de\/wp-content\/uploads\/2022\/02\/IMG_0159__2_-removebg-preview-2.png 352w\" sizes=\"(max-width: 197px) 100vw, 197px\" \/><\/a><\/figure><div class=\"elementor-image-box-content\"><h3 class=\"elementor-image-box-title\"><a href=\"mailto:%20i.kilz@manina-transport.de\">Ines Kilz -Prokuristin\/Buchhaltung- 03493-6058005<\/a><\/h3><p class=\"elementor-image-box-description\">i.kilz@manina-transport.de<\/p><\/div><\/div>\t\t\t\t<\/div>\n\t\t\t\t<\/div>\n\t\t\t\t\t<\/div>\n\t\t<\/div>\n\t\t\t\t\t<\/div>\n\t\t<\/section>\n\t\t\t\t<section class=\"elementor-section elementor-top-section elementor-element elementor-element-959f24f elementor-section-boxed elementor-section-height-default elementor-section-height-default\" data-id=\"959f24f\" data-element_type=\"section\" data-e-type=\"section\">\n\t\t\t\t\t\t<div class=\"elementor-container elementor-column-gap-default\">\n\t\t\t\t\t<div class=\"elementor-column elementor-col-100 elementor-top-column elementor-element elementor-element-3f78b9b\" data-id=\"3f78b9b\" data-element_type=\"column\" data-e-type=\"column\">\n\t\t\t<div class=\"elementor-widget-wrap elementor-element-populated\">\n\t\t\t\t\t\t<div class=\"elementor-element elementor-element-302699b elementor-position-top elementor-widget elementor-widget-image-box\" data-id=\"302699b\" data-element_type=\"widget\" data-e-type=\"widget\" data-widget_type=\"image-box.default\">\n\t\t\t\t<div class=\"elementor-widget-container\">\n\t\t\t\t\t<div class=\"elementor-image-box-wrapper\"><figure class=\"elementor-image-box-img\"><a href=\"mailto:%20k.gerlach-schmuck@manina-transport.de\" tabindex=\"-1\"><img loading=\"lazy\" decoding=\"async\" width=\"219\" height=\"300\" src=\"https:\/\/manina-transport.de\/wp-content\/uploads\/2022\/02\/IMG_0079__2_-removebg-preview-219x300.png\" class=\"attachment-medium size-medium wp-image-359\" alt=\"\" srcset=\"https:\/\/manina-transport.de\/wp-content\/uploads\/2022\/02\/IMG_0079__2_-removebg-preview-219x300.png 219w, https:\/\/manina-transport.de\/wp-content\/uploads\/2022\/02\/IMG_0079__2_-removebg-preview.png 427w\" sizes=\"(max-width: 219px) 100vw, 219px\" \/><\/a><\/figure><div class=\"elementor-image-box-content\"><h3 class=\"elementor-image-box-title\"><a href=\"mailto:%20k.gerlach-schmuck@manina-transport.de\">Katrin Gerlach-Schmuck -Rechnungswesen- 03493-5140557<\/a><\/h3><p class=\"elementor-image-box-description\">k.gerlach-schmuck@manina-transport.de<\/p><\/div><\/div>\t\t\t\t<\/div>\n\t\t\t\t<\/div>\n\t\t\t\t\t<\/div>\n\t\t<\/div>\n\t\t\t\t\t<\/div>\n\t\t<\/section>\n\t\t\t\t<section class=\"elementor-section elementor-top-section elementor-element elementor-element-5993304 elementor-section-boxed elementor-section-height-default elementor-section-height-default\" data-id=\"5993304\" data-element_type=\"section\" data-e-type=\"section\">\n\t\t\t\t\t\t<div class=\"elementor-container elementor-column-gap-default\">\n\t\t\t\t\t<div class=\"elementor-column elementor-col-100 elementor-top-column elementor-element elementor-element-9a09f14\" data-id=\"9a09f14\" data-element_type=\"column\" data-e-type=\"column\">\n\t\t\t<div class=\"elementor-widget-wrap elementor-element-populated\">\n\t\t\t\t\t\t<div class=\"elementor-element elementor-element-dee61f9 elementor-position-top elementor-widget elementor-widget-image-box\" data-id=\"dee61f9\" data-element_type=\"widget\" data-e-type=\"widget\" data-widget_type=\"image-box.default\">\n\t\t\t\t<div class=\"elementor-widget-container\">\n\t\t\t\t\t<div class=\"elementor-image-box-wrapper\"><figure class=\"elementor-image-box-img\"><a href=\"mailto:%20e.boehmer@manina-transport.de\" tabindex=\"-1\"><img loading=\"lazy\" decoding=\"async\" width=\"110\" height=\"110\" src=\"https:\/\/manina-transport.de\/wp-content\/uploads\/2021\/12\/110_F_.gif\" class=\"attachment-medium size-medium wp-image-263\" alt=\"\" \/><\/a><\/figure><div class=\"elementor-image-box-content\"><h3 class=\"elementor-image-box-title\"><a href=\"mailto:%20e.boehmer@manina-transport.de\">Ellen B\u00f6hmer -Prokuristin\/Buchhaltung- 03493-5140558<\/a><\/h3><p class=\"elementor-image-box-description\">e.boehmer@manina-transport.de<\/p><\/div><\/div>\t\t\t\t<\/div>\n\t\t\t\t<\/div>\n\t\t\t\t\t<\/div>\n\t\t<\/div>\n\t\t\t\t\t<\/div>\n\t\t<\/section>\n\t\t\t\t<\/div>\n\t\t","protected":false},"excerpt":{"rendered":"<p>Andreas B\u00f6hmer -Gesch\u00e4ftsf\u00fchrer\/Fuhrpark- a.boehmer@manina-transport.de Ina S\u00e4wert -Gesch\u00e4ftsf\u00fchrerin\/Personal- i.saewert@manina-transport.de Gabi Lemke -Disposition\/Auftragsabwicklung- 03493-6058007 g.lemke@manina-transport.de Ines Kilz -Prokuristin\/Buchhaltung- 03493-6058005 i.kilz@manina-transport.de Katrin Gerlach-Schmuck -Rechnungswesen- 03493-5140557 k.gerlach-schmuck@manina-transport.de Ellen B\u00f6hmer -Prokuristin\/Buchhaltung- 03493-5140558 e.boehmer@manina-transport.de<\/p>\n","protected":false},"author":1,"featured_media":0,"parent":0,"menu_order":0,"comment_status":"closed","ping_status":"closed","template":"","meta":{"footnotes":""},"class_list":["post-175","page","type-page","status-publish","hentry"],"_links":{"self":[{"href":"https:\/\/manina-transport.de\/index.php?rest_route=\/wp\/v2\/pages\/175","targetHints":{"allow":["GET"]}}],"collection":[{"href":"https:\/\/manina-transport.de\/index.php?rest_route=\/wp\/v2\/pages"}],"about":[{"href":"https:\/\/manina-transport.de\/index.php?rest_route=\/wp\/v2\/types\/page"}],"author":[{"embeddable":true,"href":"https:\/\/manina-transport.de\/index.php?rest_route=\/wp\/v2\/users\/1"}],"replies":[{"embeddable":true,"href":"https:\/\/manina-transport.de\/index.php?rest_route=%2Fwp%2Fv2%2Fcomments&post=175"}],"version-history":[{"count":72,"href":"https:\/\/manina-transport.de\/index.php?rest_route=\/wp\/v2\/pages\/175\/revisions"}],"predecessor-version":[{"id":434,"href":"https:\/\/manina-transport.de\/index.php?rest_route=\/wp\/v2\/pages\/175\/revisions\/434"}],"wp:attachment":[{"href":"https:\/\/manina-transport.de\/index.php?rest_route=%2Fwp%2Fv2%2Fmedia&parent=175"}],"curies":[{"name":"wp","href":"https:\/\/api.w.org\/{rel}","templated":true}]}}