{"id":129,"date":"2021-07-04T13:32:50","date_gmt":"2021-07-04T13:32:50","guid":{"rendered":"https:\/\/test.manina-transport.de\/?page_id=129"},"modified":"2022-01-02T13:33:50","modified_gmt":"2022-01-02T13:33:50","slug":"fuhrpark","status":"publish","type":"page","link":"https:\/\/manina-transport.de\/?page_id=129","title":{"rendered":"Fuhrpark"},"content":{"rendered":"\t\t<div data-elementor-type=\"wp-page\" data-elementor-id=\"129\" class=\"elementor elementor-129\" data-elementor-post-type=\"page\">\n\t\t\t\t\t\t<section class=\"elementor-section elementor-top-section elementor-element elementor-element-4530555 elementor-section-boxed elementor-section-height-default elementor-section-height-default\" data-id=\"4530555\" data-element_type=\"section\" data-e-type=\"section\">\n\t\t\t\t\t\t<div class=\"elementor-container elementor-column-gap-default\">\n\t\t\t\t\t<div class=\"elementor-column elementor-col-100 elementor-top-column elementor-element elementor-element-ad1158a\" data-id=\"ad1158a\" data-element_type=\"column\" data-e-type=\"column\">\n\t\t\t<div class=\"elementor-widget-wrap elementor-element-populated\">\n\t\t\t\t\t\t<div class=\"elementor-element elementor-element-0693ebd elementor-widget elementor-widget-image\" data-id=\"0693ebd\" data-element_type=\"widget\" data-e-type=\"widget\" data-widget_type=\"image.default\">\n\t\t\t\t<div class=\"elementor-widget-container\">\n\t\t\t\t\t\t\t\t\t\t\t\t\t\t\t<img fetchpriority=\"high\" decoding=\"async\" width=\"640\" height=\"400\" src=\"https:\/\/manina-transport.de\/wp-content\/uploads\/2021\/12\/IMG_20210923_152805-01-640x400.jpeg\" class=\"attachment-onepress-medium size-onepress-medium wp-image-249\" alt=\"\" srcset=\"https:\/\/manina-transport.de\/wp-content\/uploads\/2021\/12\/IMG_20210923_152805-01-640x400.jpeg 640w, https:\/\/manina-transport.de\/wp-content\/uploads\/2021\/12\/IMG_20210923_152805-01-480x300.jpeg 480w\" sizes=\"(max-width: 640px) 100vw, 640px\" \/>\t\t\t\t\t\t\t\t\t\t\t\t\t\t\t<\/div>\n\t\t\t\t<\/div>\n\t\t\t\t\t<\/div>\n\t\t<\/div>\n\t\t\t\t\t<\/div>\n\t\t<\/section>\n\t\t\t\t<section class=\"elementor-section elementor-top-section elementor-element elementor-element-80671b7 elementor-section-boxed elementor-section-height-default elementor-section-height-default\" data-id=\"80671b7\" data-element_type=\"section\" data-e-type=\"section\">\n\t\t\t\t\t\t<div class=\"elementor-container elementor-column-gap-default\">\n\t\t\t\t\t<div class=\"elementor-column elementor-col-100 elementor-top-column elementor-element elementor-element-e9b9604\" data-id=\"e9b9604\" data-element_type=\"column\" data-e-type=\"column\">\n\t\t\t<div class=\"elementor-widget-wrap elementor-element-populated\">\n\t\t\t\t\t\t<div class=\"elementor-element elementor-element-68488b6 elementor-widget elementor-widget-text-editor\" data-id=\"68488b6\" data-element_type=\"widget\" data-e-type=\"widget\" data-widget_type=\"text-editor.default\">\n\t\t\t\t<div class=\"elementor-widget-container\">\n\t\t\t\t\t\t\t\t\t<p style=\"text-align: center;\"><span style=\"font-size: 14pt;\">Unser Fuhrpark besteht aus Sattelz\u00fcgen, die vorwiegend im nationalen und teilweise auch im europ\u00e4ischen Verkehr eingesetzt werden und umfasst zwischen 27 und 30 LKW. Die Planensattelz\u00fcge sind Tautliner, fast alle mit Coil-Mulden ausgestattet. Offene LKW und Teleskop-Sattel sowie 1 Tieflader runden den Fuhrpark ab. Spezialisiert haben wir uns auf den Transport von Bauelementen, Trapezblechen, Tr\u00e4gern und Coils. Allgemeine Industrieg\u00fcter werden nat\u00fcrlich ebenso transportiert wie spezielle Konstruktionsteile oder Teilpartien. Allerdings sind wir kein klassischer Paletten-Spediteur.<\/span><\/p>\t\t\t\t\t\t\t\t<\/div>\n\t\t\t\t<\/div>\n\t\t\t\t\t<\/div>\n\t\t<\/div>\n\t\t\t\t\t<\/div>\n\t\t<\/section>\n\t\t\t\t<\/div>\n\t\t","protected":false},"excerpt":{"rendered":"<p>Unser Fuhrpark besteht aus Sattelz\u00fcgen, die vorwiegend im nationalen und teilweise auch im europ\u00e4ischen Verkehr eingesetzt werden und umfasst zwischen 27 und 30 LKW. Die Planensattelz\u00fcge sind Tautliner, fast alle &#8230;<\/p>\n","protected":false},"author":1,"featured_media":0,"parent":0,"menu_order":0,"comment_status":"closed","ping_status":"closed","template":"","meta":{"footnotes":""},"class_list":["post-129","page","type-page","status-publish","hentry"],"_links":{"self":[{"href":"https:\/\/manina-transport.de\/index.php?rest_route=\/wp\/v2\/pages\/129","targetHints":{"allow":["GET"]}}],"collection":[{"href":"https:\/\/manina-transport.de\/index.php?rest_route=\/wp\/v2\/pages"}],"about":[{"href":"https:\/\/manina-transport.de\/index.php?rest_route=\/wp\/v2\/types\/page"}],"author":[{"embeddable":true,"href":"https:\/\/manina-transport.de\/index.php?rest_route=\/wp\/v2\/users\/1"}],"replies":[{"embeddable":true,"href":"https:\/\/manina-transport.de\/index.php?rest_route=%2Fwp%2Fv2%2Fcomments&post=129"}],"version-history":[{"count":12,"href":"https:\/\/manina-transport.de\/index.php?rest_route=\/wp\/v2\/pages\/129\/revisions"}],"predecessor-version":[{"id":354,"href":"https:\/\/manina-transport.de\/index.php?rest_route=\/wp\/v2\/pages\/129\/revisions\/354"}],"wp:attachment":[{"href":"https:\/\/manina-transport.de\/index.php?rest_route=%2Fwp%2Fv2%2Fmedia&parent=129"}],"curies":[{"name":"wp","href":"https:\/\/api.w.org\/{rel}","templated":true}]}}